{"id":399,"date":"2026-02-16T18:21:57","date_gmt":"2026-02-16T17:21:57","guid":{"rendered":"https:\/\/loserie.fr\/?page_id=399"},"modified":"2026-02-17T09:46:04","modified_gmt":"2026-02-17T08:46:04","slug":"nos-intervenants","status":"publish","type":"page","link":"https:\/\/loserie.fr\/index.php\/nos-intervenants\/","title":{"rendered":"Nos intervenants"},"content":{"rendered":"\n<figure class=\"wp-block-image size-large\"><img loading=\"lazy\" decoding=\"async\" width=\"1024\" height=\"724\" src=\"https:\/\/loserie.fr\/wp-content\/uploads\/2026\/02\/7-1-1024x724.png\" alt=\"\" class=\"wp-image-418\" srcset=\"https:\/\/loserie.fr\/wp-content\/uploads\/2026\/02\/7-1-1024x724.png 1024w, https:\/\/loserie.fr\/wp-content\/uploads\/2026\/02\/7-1-300x212.png 300w, https:\/\/loserie.fr\/wp-content\/uploads\/2026\/02\/7-1-768x543.png 768w, https:\/\/loserie.fr\/wp-content\/uploads\/2026\/02\/7-1-1536x1086.png 1536w, https:\/\/loserie.fr\/wp-content\/uploads\/2026\/02\/7-1.png 2000w\" sizes=\"auto, (max-width: 1024px) 100vw, 1024px\" \/><\/figure>\n\n\n\n<p class=\"has-fraunces-font-family has-large-font-size\"><strong>Joy<\/strong><\/p>\n\n\n\n<p>N\u00e9e dans l\u2019univers de la danse classique, form\u00e9e par l\u2019exigence du haut niveau en patinage artistique en couple danse (plusieurs fois Championne de France et comp\u00e9titrice internationale), j\u2019ai construit un parcours m\u00ealant performance, pr\u00e9cision et intensit\u00e9 artistique.<\/p>\n\n\n\n<p>Professeure et chor\u00e9graphe depuis de nombreuses ann\u00e9es, j\u2019ai explor\u00e9 une grande diversit\u00e9 de styles \u2014 du classique au contemporain, du cabaret au rock acrobatique \u2014 avant de d\u00e9velopper une signature personnelle, \u00e9l\u00e9gante et puissante.<\/p>\n\n\n\n<p>Aujourd\u2019hui, \u00e0 L\u2019Oserie, je propose des cours de heels et de danses f\u00e9minines pens\u00e9s comme de v\u00e9ritables exp\u00e9riences : posture, pr\u00e9sence, technique, confiance et affirmation de soi.<\/p>\n\n\n\n<p>Mon approche allie exigence, esth\u00e9tique et empowerment.<\/p>\n","protected":false},"excerpt":{"rendered":"<p>Joy N\u00e9e dans l\u2019univers de la danse classique, form\u00e9e par l\u2019exigence du haut niveau en patinage artistique en couple danse (plusieurs fois Championne de France et comp\u00e9titrice internationale), j\u2019ai construit un parcours m\u00ealant performance, pr\u00e9cision et intensit\u00e9 artistique. Professeure et chor\u00e9graphe depuis de nombreuses ann\u00e9es, j\u2019ai explor\u00e9 une grande diversit\u00e9 de styles \u2014 du classique [&hellip;]<\/p>\n","protected":false},"author":1,"featured_media":0,"parent":0,"menu_order":0,"comment_status":"closed","ping_status":"closed","template":"","meta":{"footnotes":""},"class_list":["post-399","page","type-page","status-publish","hentry"],"yoast_head":"<!-- This site is optimized with the Yoast SEO plugin v25.9 - https:\/\/yoast.com\/wordpress\/plugins\/seo\/ -->\n<title>Nos intervenants - L&#039;Oserie<\/title>\n<meta name=\"robots\" content=\"index, follow, max-snippet:-1, max-image-preview:large, max-video-preview:-1\" \/>\n<link rel=\"canonical\" href=\"https:\/\/loserie.fr\/index.php\/nos-intervenants\/\" \/>\n<meta property=\"og:locale\" content=\"fr_FR\" \/>\n<meta property=\"og:type\" content=\"article\" \/>\n<meta property=\"og:title\" content=\"Nos intervenants - L&#039;Oserie\" \/>\n<meta property=\"og:description\" content=\"Joy N\u00e9e dans l\u2019univers de la danse classique, form\u00e9e par l\u2019exigence du haut niveau en patinage artistique en couple danse (plusieurs fois Championne de France et comp\u00e9titrice internationale), j\u2019ai construit un parcours m\u00ealant performance, pr\u00e9cision et intensit\u00e9 artistique. Professeure et chor\u00e9graphe depuis de nombreuses ann\u00e9es, j\u2019ai explor\u00e9 une grande diversit\u00e9 de styles \u2014 du classique [&hellip;]\" \/>\n<meta property=\"og:url\" content=\"https:\/\/loserie.fr\/index.php\/nos-intervenants\/\" \/>\n<meta property=\"og:site_name\" content=\"L&#039;Oserie\" \/>\n<meta property=\"article:modified_time\" content=\"2026-02-17T08:46:04+00:00\" \/>\n<meta property=\"og:image\" content=\"https:\/\/loserie.fr\/wp-content\/uploads\/2026\/02\/7-1-1024x724.png\" \/>\n\t<meta property=\"og:image:width\" content=\"1024\" \/>\n\t<meta property=\"og:image:height\" content=\"724\" \/>\n\t<meta property=\"og:image:type\" content=\"image\/png\" \/>\n<meta name=\"twitter:card\" content=\"summary_large_image\" \/>\n<meta name=\"twitter:label1\" content=\"Dur\u00e9e de lecture estim\u00e9e\" \/>\n\t<meta name=\"twitter:data1\" content=\"1 minute\" \/>\n<script type=\"application\/ld+json\" class=\"yoast-schema-graph\">{\"@context\":\"https:\/\/schema.org\",\"@graph\":[{\"@type\":\"WebPage\",\"@id\":\"https:\/\/loserie.fr\/index.php\/nos-intervenants\/\",\"url\":\"https:\/\/loserie.fr\/index.php\/nos-intervenants\/\",\"name\":\"Nos intervenants - L&#039;Oserie\",\"isPartOf\":{\"@id\":\"https:\/\/loserie.fr\/#website\"},\"primaryImageOfPage\":{\"@id\":\"https:\/\/loserie.fr\/index.php\/nos-intervenants\/#primaryimage\"},\"image\":{\"@id\":\"https:\/\/loserie.fr\/index.php\/nos-intervenants\/#primaryimage\"},\"thumbnailUrl\":\"https:\/\/loserie.fr\/wp-content\/uploads\/2026\/02\/7-1-1024x724.png\",\"datePublished\":\"2026-02-16T17:21:57+00:00\",\"dateModified\":\"2026-02-17T08:46:04+00:00\",\"breadcrumb\":{\"@id\":\"https:\/\/loserie.fr\/index.php\/nos-intervenants\/#breadcrumb\"},\"inLanguage\":\"fr-FR\",\"potentialAction\":[{\"@type\":\"ReadAction\",\"target\":[\"https:\/\/loserie.fr\/index.php\/nos-intervenants\/\"]}]},{\"@type\":\"ImageObject\",\"inLanguage\":\"fr-FR\",\"@id\":\"https:\/\/loserie.fr\/index.php\/nos-intervenants\/#primaryimage\",\"url\":\"https:\/\/loserie.fr\/wp-content\/uploads\/2026\/02\/7-1.png\",\"contentUrl\":\"https:\/\/loserie.fr\/wp-content\/uploads\/2026\/02\/7-1.png\",\"width\":2000,\"height\":1414},{\"@type\":\"BreadcrumbList\",\"@id\":\"https:\/\/loserie.fr\/index.php\/nos-intervenants\/#breadcrumb\",\"itemListElement\":[{\"@type\":\"ListItem\",\"position\":1,\"name\":\"Accueil\",\"item\":\"https:\/\/loserie.fr\/\"},{\"@type\":\"ListItem\",\"position\":2,\"name\":\"Nos intervenants\"}]},{\"@type\":\"WebSite\",\"@id\":\"https:\/\/loserie.fr\/#website\",\"url\":\"https:\/\/loserie.fr\/\",\"name\":\"L&#039;Oserie\",\"description\":\"Salle de dans et de r\u00e9ception\",\"potentialAction\":[{\"@type\":\"SearchAction\",\"target\":{\"@type\":\"EntryPoint\",\"urlTemplate\":\"https:\/\/loserie.fr\/?s={search_term_string}\"},\"query-input\":{\"@type\":\"PropertyValueSpecification\",\"valueRequired\":true,\"valueName\":\"search_term_string\"}}],\"inLanguage\":\"fr-FR\"}]}<\/script>\n<!-- \/ Yoast SEO plugin. -->","yoast_head_json":{"title":"Nos intervenants - L&#039;Oserie","robots":{"index":"index","follow":"follow","max-snippet":"max-snippet:-1","max-image-preview":"max-image-preview:large","max-video-preview":"max-video-preview:-1"},"canonical":"https:\/\/loserie.fr\/index.php\/nos-intervenants\/","og_locale":"fr_FR","og_type":"article","og_title":"Nos intervenants - L&#039;Oserie","og_description":"Joy N\u00e9e dans l\u2019univers de la danse classique, form\u00e9e par l\u2019exigence du haut niveau en patinage artistique en couple danse (plusieurs fois Championne de France et comp\u00e9titrice internationale), j\u2019ai construit un parcours m\u00ealant performance, pr\u00e9cision et intensit\u00e9 artistique. Professeure et chor\u00e9graphe depuis de nombreuses ann\u00e9es, j\u2019ai explor\u00e9 une grande diversit\u00e9 de styles \u2014 du classique [&hellip;]","og_url":"https:\/\/loserie.fr\/index.php\/nos-intervenants\/","og_site_name":"L&#039;Oserie","article_modified_time":"2026-02-17T08:46:04+00:00","og_image":[{"width":1024,"height":724,"url":"https:\/\/loserie.fr\/wp-content\/uploads\/2026\/02\/7-1-1024x724.png","type":"image\/png"}],"twitter_card":"summary_large_image","twitter_misc":{"Dur\u00e9e de lecture estim\u00e9e":"1 minute"},"schema":{"@context":"https:\/\/schema.org","@graph":[{"@type":"WebPage","@id":"https:\/\/loserie.fr\/index.php\/nos-intervenants\/","url":"https:\/\/loserie.fr\/index.php\/nos-intervenants\/","name":"Nos intervenants - L&#039;Oserie","isPartOf":{"@id":"https:\/\/loserie.fr\/#website"},"primaryImageOfPage":{"@id":"https:\/\/loserie.fr\/index.php\/nos-intervenants\/#primaryimage"},"image":{"@id":"https:\/\/loserie.fr\/index.php\/nos-intervenants\/#primaryimage"},"thumbnailUrl":"https:\/\/loserie.fr\/wp-content\/uploads\/2026\/02\/7-1-1024x724.png","datePublished":"2026-02-16T17:21:57+00:00","dateModified":"2026-02-17T08:46:04+00:00","breadcrumb":{"@id":"https:\/\/loserie.fr\/index.php\/nos-intervenants\/#breadcrumb"},"inLanguage":"fr-FR","potentialAction":[{"@type":"ReadAction","target":["https:\/\/loserie.fr\/index.php\/nos-intervenants\/"]}]},{"@type":"ImageObject","inLanguage":"fr-FR","@id":"https:\/\/loserie.fr\/index.php\/nos-intervenants\/#primaryimage","url":"https:\/\/loserie.fr\/wp-content\/uploads\/2026\/02\/7-1.png","contentUrl":"https:\/\/loserie.fr\/wp-content\/uploads\/2026\/02\/7-1.png","width":2000,"height":1414},{"@type":"BreadcrumbList","@id":"https:\/\/loserie.fr\/index.php\/nos-intervenants\/#breadcrumb","itemListElement":[{"@type":"ListItem","position":1,"name":"Accueil","item":"https:\/\/loserie.fr\/"},{"@type":"ListItem","position":2,"name":"Nos intervenants"}]},{"@type":"WebSite","@id":"https:\/\/loserie.fr\/#website","url":"https:\/\/loserie.fr\/","name":"L&#039;Oserie","description":"Salle de dans et de r\u00e9ception","potentialAction":[{"@type":"SearchAction","target":{"@type":"EntryPoint","urlTemplate":"https:\/\/loserie.fr\/?s={search_term_string}"},"query-input":{"@type":"PropertyValueSpecification","valueRequired":true,"valueName":"search_term_string"}}],"inLanguage":"fr-FR"}]}},"_links":{"self":[{"href":"https:\/\/loserie.fr\/index.php\/wp-json\/wp\/v2\/pages\/399","targetHints":{"allow":["GET"]}}],"collection":[{"href":"https:\/\/loserie.fr\/index.php\/wp-json\/wp\/v2\/pages"}],"about":[{"href":"https:\/\/loserie.fr\/index.php\/wp-json\/wp\/v2\/types\/page"}],"author":[{"embeddable":true,"href":"https:\/\/loserie.fr\/index.php\/wp-json\/wp\/v2\/users\/1"}],"replies":[{"embeddable":true,"href":"https:\/\/loserie.fr\/index.php\/wp-json\/wp\/v2\/comments?post=399"}],"version-history":[{"count":3,"href":"https:\/\/loserie.fr\/index.php\/wp-json\/wp\/v2\/pages\/399\/revisions"}],"predecessor-version":[{"id":420,"href":"https:\/\/loserie.fr\/index.php\/wp-json\/wp\/v2\/pages\/399\/revisions\/420"}],"wp:attachment":[{"href":"https:\/\/loserie.fr\/index.php\/wp-json\/wp\/v2\/media?parent=399"}],"curies":[{"name":"wp","href":"https:\/\/api.w.org\/{rel}","templated":true}]}}