{"id":390,"date":"2026-02-16T17:27:04","date_gmt":"2026-02-16T16:27:04","guid":{"rendered":"https:\/\/loserie.fr\/?page_id=390"},"modified":"2026-02-16T17:38:13","modified_gmt":"2026-02-16T16:38:13","slug":"partenaires","status":"publish","type":"page","link":"https:\/\/loserie.fr\/index.php\/partenaires\/","title":{"rendered":"Partenaires"},"content":{"rendered":"\n<p class=\"has-theme-2-color has-text-color has-link-color has-fraunces-font-family has-medium-font-size wp-elements-555d1b96e73b7c08d32cd9d2bdc1b118\"><strong>Retrouvez ici une liste de prestataires pouvant vous aider \u00e0 faire de votre \u00e9v\u00e8nement, un moment unique !<\/strong><\/p>\n\n\n\n<ul class=\"wp-block-list\">\n<li><strong><a href=\"https:\/\/www.facebook.com\/JoyElgo\/\">JOY HEELS<\/a><\/strong> : chor\u00e9graphe et professeur de danses f\u00e9minines en talons pour EVJF, ouverture de bal, anniversaires, etc&#8230;<\/li>\n\n\n\n<li class=\"has-theme-2-color has-text-color has-link-color wp-elements-3d5451bf89bc3f25d4af99e581b223bb\"><a href=\"https:\/\/fee-events.sumupstore.com\/?fbclid=IwY2xjawQAIuBleHRuA2FlbQIxMQBzcnRjBmFwcF9pZBAyMjIwMzkxNzg4MjAwODkyAAEeahSiEwCGVaybREXbcntY6XAJ9tJchEhEQMSGzBgsTY7N7qO7JwnFzqR-opw_aem_gNIhFOhld-ZZ8KWc7CTjyw\">F\u00e9e Events <\/a> : wedding planer, location et d\u00e9coration de vos \u00e9v\u00e8nements<\/li>\n\n\n\n<li class=\"has-theme-2-color has-text-color has-link-color wp-elements-36da5cc47e7cd35e95d67df96a0d632d\"><a href=\"https:\/\/www.facebook.com\/Aux.douceurs.de.sab.et.loic\">Les bons g\u00e2teaux <\/a> : r\u00e9alisation de g\u00e2teaux pour anniversaire, mariage, bapt\u00eame&#8230;<\/li>\n\n\n\n<li class=\"has-theme-2-color has-text-color has-link-color wp-elements-1f4900ec5f4c817cc8acb6a599b1547c\"><a href=\"https:\/\/www.facebook.com\/DJ.JEAN.PIERRE\">DJ Teoria Sono-Mariage \u00b7 Jph Ev\u00e9nements<\/a> : DJ, animation d&rsquo;\u00e9v\u00e8nements<\/li>\n<\/ul>\n\n\n\n<p><\/p>\n","protected":false},"excerpt":{"rendered":"<p>Retrouvez ici une liste de prestataires pouvant vous aider \u00e0 faire de votre \u00e9v\u00e8nement, un moment unique !<\/p>\n","protected":false},"author":1,"featured_media":0,"parent":0,"menu_order":0,"comment_status":"closed","ping_status":"closed","template":"","meta":{"footnotes":""},"class_list":["post-390","page","type-page","status-publish","hentry"],"yoast_head":"<!-- This site is optimized with the Yoast SEO plugin v25.9 - https:\/\/yoast.com\/wordpress\/plugins\/seo\/ -->\n<title>Partenaires - L&#039;Oserie<\/title>\n<meta name=\"robots\" content=\"index, follow, max-snippet:-1, max-image-preview:large, max-video-preview:-1\" \/>\n<link rel=\"canonical\" href=\"https:\/\/loserie.fr\/index.php\/partenaires\/\" \/>\n<meta property=\"og:locale\" content=\"fr_FR\" \/>\n<meta property=\"og:type\" content=\"article\" \/>\n<meta property=\"og:title\" content=\"Partenaires - L&#039;Oserie\" \/>\n<meta property=\"og:description\" content=\"Retrouvez ici une liste de prestataires pouvant vous aider \u00e0 faire de votre \u00e9v\u00e8nement, un moment unique !\" \/>\n<meta property=\"og:url\" content=\"https:\/\/loserie.fr\/index.php\/partenaires\/\" \/>\n<meta property=\"og:site_name\" content=\"L&#039;Oserie\" \/>\n<meta property=\"article:modified_time\" content=\"2026-02-16T16:38:13+00:00\" \/>\n<meta name=\"twitter:card\" content=\"summary_large_image\" \/>\n<meta name=\"twitter:label1\" content=\"Dur\u00e9e de lecture estim\u00e9e\" \/>\n\t<meta name=\"twitter:data1\" content=\"1 minute\" \/>\n<script type=\"application\/ld+json\" class=\"yoast-schema-graph\">{\"@context\":\"https:\/\/schema.org\",\"@graph\":[{\"@type\":\"WebPage\",\"@id\":\"https:\/\/loserie.fr\/index.php\/partenaires\/\",\"url\":\"https:\/\/loserie.fr\/index.php\/partenaires\/\",\"name\":\"Partenaires - L&#039;Oserie\",\"isPartOf\":{\"@id\":\"https:\/\/loserie.fr\/#website\"},\"datePublished\":\"2026-02-16T16:27:04+00:00\",\"dateModified\":\"2026-02-16T16:38:13+00:00\",\"breadcrumb\":{\"@id\":\"https:\/\/loserie.fr\/index.php\/partenaires\/#breadcrumb\"},\"inLanguage\":\"fr-FR\",\"potentialAction\":[{\"@type\":\"ReadAction\",\"target\":[\"https:\/\/loserie.fr\/index.php\/partenaires\/\"]}]},{\"@type\":\"BreadcrumbList\",\"@id\":\"https:\/\/loserie.fr\/index.php\/partenaires\/#breadcrumb\",\"itemListElement\":[{\"@type\":\"ListItem\",\"position\":1,\"name\":\"Accueil\",\"item\":\"https:\/\/loserie.fr\/\"},{\"@type\":\"ListItem\",\"position\":2,\"name\":\"Partenaires\"}]},{\"@type\":\"WebSite\",\"@id\":\"https:\/\/loserie.fr\/#website\",\"url\":\"https:\/\/loserie.fr\/\",\"name\":\"L&#039;Oserie\",\"description\":\"Salle de dans et de r\u00e9ception\",\"potentialAction\":[{\"@type\":\"SearchAction\",\"target\":{\"@type\":\"EntryPoint\",\"urlTemplate\":\"https:\/\/loserie.fr\/?s={search_term_string}\"},\"query-input\":{\"@type\":\"PropertyValueSpecification\",\"valueRequired\":true,\"valueName\":\"search_term_string\"}}],\"inLanguage\":\"fr-FR\"}]}<\/script>\n<!-- \/ Yoast SEO plugin. -->","yoast_head_json":{"title":"Partenaires - L&#039;Oserie","robots":{"index":"index","follow":"follow","max-snippet":"max-snippet:-1","max-image-preview":"max-image-preview:large","max-video-preview":"max-video-preview:-1"},"canonical":"https:\/\/loserie.fr\/index.php\/partenaires\/","og_locale":"fr_FR","og_type":"article","og_title":"Partenaires - L&#039;Oserie","og_description":"Retrouvez ici une liste de prestataires pouvant vous aider \u00e0 faire de votre \u00e9v\u00e8nement, un moment unique !","og_url":"https:\/\/loserie.fr\/index.php\/partenaires\/","og_site_name":"L&#039;Oserie","article_modified_time":"2026-02-16T16:38:13+00:00","twitter_card":"summary_large_image","twitter_misc":{"Dur\u00e9e de lecture estim\u00e9e":"1 minute"},"schema":{"@context":"https:\/\/schema.org","@graph":[{"@type":"WebPage","@id":"https:\/\/loserie.fr\/index.php\/partenaires\/","url":"https:\/\/loserie.fr\/index.php\/partenaires\/","name":"Partenaires - L&#039;Oserie","isPartOf":{"@id":"https:\/\/loserie.fr\/#website"},"datePublished":"2026-02-16T16:27:04+00:00","dateModified":"2026-02-16T16:38:13+00:00","breadcrumb":{"@id":"https:\/\/loserie.fr\/index.php\/partenaires\/#breadcrumb"},"inLanguage":"fr-FR","potentialAction":[{"@type":"ReadAction","target":["https:\/\/loserie.fr\/index.php\/partenaires\/"]}]},{"@type":"BreadcrumbList","@id":"https:\/\/loserie.fr\/index.php\/partenaires\/#breadcrumb","itemListElement":[{"@type":"ListItem","position":1,"name":"Accueil","item":"https:\/\/loserie.fr\/"},{"@type":"ListItem","position":2,"name":"Partenaires"}]},{"@type":"WebSite","@id":"https:\/\/loserie.fr\/#website","url":"https:\/\/loserie.fr\/","name":"L&#039;Oserie","description":"Salle de dans et de r\u00e9ception","potentialAction":[{"@type":"SearchAction","target":{"@type":"EntryPoint","urlTemplate":"https:\/\/loserie.fr\/?s={search_term_string}"},"query-input":{"@type":"PropertyValueSpecification","valueRequired":true,"valueName":"search_term_string"}}],"inLanguage":"fr-FR"}]}},"_links":{"self":[{"href":"https:\/\/loserie.fr\/index.php\/wp-json\/wp\/v2\/pages\/390","targetHints":{"allow":["GET"]}}],"collection":[{"href":"https:\/\/loserie.fr\/index.php\/wp-json\/wp\/v2\/pages"}],"about":[{"href":"https:\/\/loserie.fr\/index.php\/wp-json\/wp\/v2\/types\/page"}],"author":[{"embeddable":true,"href":"https:\/\/loserie.fr\/index.php\/wp-json\/wp\/v2\/users\/1"}],"replies":[{"embeddable":true,"href":"https:\/\/loserie.fr\/index.php\/wp-json\/wp\/v2\/comments?post=390"}],"version-history":[{"count":3,"href":"https:\/\/loserie.fr\/index.php\/wp-json\/wp\/v2\/pages\/390\/revisions"}],"predecessor-version":[{"id":398,"href":"https:\/\/loserie.fr\/index.php\/wp-json\/wp\/v2\/pages\/390\/revisions\/398"}],"wp:attachment":[{"href":"https:\/\/loserie.fr\/index.php\/wp-json\/wp\/v2\/media?parent=390"}],"curies":[{"name":"wp","href":"https:\/\/api.w.org\/{rel}","templated":true}]}}