{"id":146,"date":"2025-09-17T21:40:21","date_gmt":"2025-09-17T19:40:21","guid":{"rendered":"https:\/\/loserie.fr\/?page_id=146"},"modified":"2026-02-16T16:55:03","modified_gmt":"2026-02-16T15:55:03","slug":"tarifs","status":"publish","type":"page","link":"https:\/\/loserie.fr\/index.php\/tarifs\/","title":{"rendered":"Tarifs"},"content":{"rendered":"\n<div class=\"wp-block-group has-custom-ivoire-clair-background-color has-background has-global-padding is-layout-constrained wp-block-group-is-layout-constrained\">\n<div class=\"wp-block-group has-custom-ivoire-clair-background-color has-background has-global-padding is-layout-constrained wp-container-core-group-is-layout-827b2b8e wp-block-group-is-layout-constrained\" style=\"margin-top:var(--wp--preset--spacing--20);margin-bottom:var(--wp--preset--spacing--20);padding-top:0;padding-right:0;padding-bottom:0;padding-left:0\">\n<figure class=\"wp-block-table\"><table class=\"has-fixed-layout\"><thead><tr><th>Formule<\/th><th>Notes<\/th><th>Prix<\/th><\/tr><\/thead><tbody><tr><td>2h<\/td><td>r\u00e9servez \u00e0 partir de l&rsquo;heure<br>s\u00e9lectionn\u00e9e pendant 2h.<\/td><td>75\u20ac<\/td><\/tr><tr><td>1 jour<\/td><td>Tarif pour une journ\u00e9e et\/ou une soir\u00e9e.<\/td><td>350\u20ac<\/td><\/tr><tr><td>2 jours<\/td><td>Tarif pour 2 jours de r\u00e9servation (jusqu&rsquo;au lundi matin 9h ou dimanche soir).<\/td><td>650\u20ac<\/td><\/tr><tr><td>Week-end complet<\/td><td>de vendredi 18h \u00e0 lundi 9h,<\/td><td>700\u20ac<\/td><\/tr><\/tbody><\/table><\/figure>\n\n\n\n<p>Vous pouvez prendre plusieurs cr\u00e9neaux de suite afin d&rsquo;allonger votre r\u00e9servation.<\/p>\n\n\n\n<p>Par exemple, vous pouvez prendre une formule Week-end complet et l&rsquo;allonger jusqu&rsquo;au lundi  \u00e0 11h en r\u00e9servant 2 heures suppl\u00e9mentaires.<\/p>\n\n\n\n<div class=\"wp-block-buttons is-layout-flex wp-block-buttons-is-layout-flex\">\n<div class=\"wp-block-button\"><a class=\"wp-block-button__link has-theme-2-background-color has-background wp-element-button\" href=\"https:\/\/loserie.fr\/index.php\/reservations\/\">&#8211;&gt; R\u00e9servez maintenant<\/a><\/div>\n<\/div>\n<\/div>\n<\/div>\n","protected":false},"excerpt":{"rendered":"<p>Formule Notes Prix 2h r\u00e9servez \u00e0 partir de l&rsquo;heures\u00e9lectionn\u00e9e pendant 2h. 75\u20ac 1 jour Tarif pour une journ\u00e9e et\/ou une soir\u00e9e. 350\u20ac 2 jours Tarif pour 2 jours de r\u00e9servation (jusqu&rsquo;au lundi matin 9h ou dimanche soir). 650\u20ac Week-end complet de vendredi 18h \u00e0 lundi 9h, 700\u20ac Vous pouvez prendre plusieurs cr\u00e9neaux de suite afin [&hellip;]<\/p>\n","protected":false},"author":1,"featured_media":0,"parent":0,"menu_order":0,"comment_status":"closed","ping_status":"closed","template":"","meta":{"footnotes":""},"class_list":["post-146","page","type-page","status-publish","hentry"],"yoast_head":"<!-- This site is optimized with the Yoast SEO plugin v25.9 - https:\/\/yoast.com\/wordpress\/plugins\/seo\/ -->\n<title>Tarifs - L&#039;Oserie<\/title>\n<meta name=\"robots\" content=\"index, follow, max-snippet:-1, max-image-preview:large, max-video-preview:-1\" \/>\n<link rel=\"canonical\" href=\"https:\/\/loserie.fr\/index.php\/tarifs\/\" \/>\n<meta property=\"og:locale\" content=\"fr_FR\" \/>\n<meta property=\"og:type\" content=\"article\" \/>\n<meta property=\"og:title\" content=\"Tarifs - L&#039;Oserie\" \/>\n<meta property=\"og:description\" content=\"Formule Notes Prix 2h r\u00e9servez \u00e0 partir de l&rsquo;heures\u00e9lectionn\u00e9e pendant 2h. 75\u20ac 1 jour Tarif pour une journ\u00e9e et\/ou une soir\u00e9e. 350\u20ac 2 jours Tarif pour 2 jours de r\u00e9servation (jusqu&rsquo;au lundi matin 9h ou dimanche soir). 650\u20ac Week-end complet de vendredi 18h \u00e0 lundi 9h, 700\u20ac Vous pouvez prendre plusieurs cr\u00e9neaux de suite afin [&hellip;]\" \/>\n<meta property=\"og:url\" content=\"https:\/\/loserie.fr\/index.php\/tarifs\/\" \/>\n<meta property=\"og:site_name\" content=\"L&#039;Oserie\" \/>\n<meta property=\"article:modified_time\" content=\"2026-02-16T15:55:03+00:00\" \/>\n<meta name=\"twitter:card\" content=\"summary_large_image\" \/>\n<meta name=\"twitter:label1\" content=\"Dur\u00e9e de lecture estim\u00e9e\" \/>\n\t<meta name=\"twitter:data1\" content=\"1 minute\" \/>\n<script type=\"application\/ld+json\" class=\"yoast-schema-graph\">{\"@context\":\"https:\/\/schema.org\",\"@graph\":[{\"@type\":\"WebPage\",\"@id\":\"https:\/\/loserie.fr\/index.php\/tarifs\/\",\"url\":\"https:\/\/loserie.fr\/index.php\/tarifs\/\",\"name\":\"Tarifs - L&#039;Oserie\",\"isPartOf\":{\"@id\":\"https:\/\/loserie.fr\/#website\"},\"datePublished\":\"2025-09-17T19:40:21+00:00\",\"dateModified\":\"2026-02-16T15:55:03+00:00\",\"breadcrumb\":{\"@id\":\"https:\/\/loserie.fr\/index.php\/tarifs\/#breadcrumb\"},\"inLanguage\":\"fr-FR\",\"potentialAction\":[{\"@type\":\"ReadAction\",\"target\":[\"https:\/\/loserie.fr\/index.php\/tarifs\/\"]}]},{\"@type\":\"BreadcrumbList\",\"@id\":\"https:\/\/loserie.fr\/index.php\/tarifs\/#breadcrumb\",\"itemListElement\":[{\"@type\":\"ListItem\",\"position\":1,\"name\":\"Accueil\",\"item\":\"https:\/\/loserie.fr\/\"},{\"@type\":\"ListItem\",\"position\":2,\"name\":\"Tarifs\"}]},{\"@type\":\"WebSite\",\"@id\":\"https:\/\/loserie.fr\/#website\",\"url\":\"https:\/\/loserie.fr\/\",\"name\":\"L&#039;Oserie\",\"description\":\"Salle de dans et de r\u00e9ception\",\"potentialAction\":[{\"@type\":\"SearchAction\",\"target\":{\"@type\":\"EntryPoint\",\"urlTemplate\":\"https:\/\/loserie.fr\/?s={search_term_string}\"},\"query-input\":{\"@type\":\"PropertyValueSpecification\",\"valueRequired\":true,\"valueName\":\"search_term_string\"}}],\"inLanguage\":\"fr-FR\"}]}<\/script>\n<!-- \/ Yoast SEO plugin. -->","yoast_head_json":{"title":"Tarifs - L&#039;Oserie","robots":{"index":"index","follow":"follow","max-snippet":"max-snippet:-1","max-image-preview":"max-image-preview:large","max-video-preview":"max-video-preview:-1"},"canonical":"https:\/\/loserie.fr\/index.php\/tarifs\/","og_locale":"fr_FR","og_type":"article","og_title":"Tarifs - L&#039;Oserie","og_description":"Formule Notes Prix 2h r\u00e9servez \u00e0 partir de l&rsquo;heures\u00e9lectionn\u00e9e pendant 2h. 75\u20ac 1 jour Tarif pour une journ\u00e9e et\/ou une soir\u00e9e. 350\u20ac 2 jours Tarif pour 2 jours de r\u00e9servation (jusqu&rsquo;au lundi matin 9h ou dimanche soir). 650\u20ac Week-end complet de vendredi 18h \u00e0 lundi 9h, 700\u20ac Vous pouvez prendre plusieurs cr\u00e9neaux de suite afin [&hellip;]","og_url":"https:\/\/loserie.fr\/index.php\/tarifs\/","og_site_name":"L&#039;Oserie","article_modified_time":"2026-02-16T15:55:03+00:00","twitter_card":"summary_large_image","twitter_misc":{"Dur\u00e9e de lecture estim\u00e9e":"1 minute"},"schema":{"@context":"https:\/\/schema.org","@graph":[{"@type":"WebPage","@id":"https:\/\/loserie.fr\/index.php\/tarifs\/","url":"https:\/\/loserie.fr\/index.php\/tarifs\/","name":"Tarifs - L&#039;Oserie","isPartOf":{"@id":"https:\/\/loserie.fr\/#website"},"datePublished":"2025-09-17T19:40:21+00:00","dateModified":"2026-02-16T15:55:03+00:00","breadcrumb":{"@id":"https:\/\/loserie.fr\/index.php\/tarifs\/#breadcrumb"},"inLanguage":"fr-FR","potentialAction":[{"@type":"ReadAction","target":["https:\/\/loserie.fr\/index.php\/tarifs\/"]}]},{"@type":"BreadcrumbList","@id":"https:\/\/loserie.fr\/index.php\/tarifs\/#breadcrumb","itemListElement":[{"@type":"ListItem","position":1,"name":"Accueil","item":"https:\/\/loserie.fr\/"},{"@type":"ListItem","position":2,"name":"Tarifs"}]},{"@type":"WebSite","@id":"https:\/\/loserie.fr\/#website","url":"https:\/\/loserie.fr\/","name":"L&#039;Oserie","description":"Salle de dans et de r\u00e9ception","potentialAction":[{"@type":"SearchAction","target":{"@type":"EntryPoint","urlTemplate":"https:\/\/loserie.fr\/?s={search_term_string}"},"query-input":{"@type":"PropertyValueSpecification","valueRequired":true,"valueName":"search_term_string"}}],"inLanguage":"fr-FR"}]}},"_links":{"self":[{"href":"https:\/\/loserie.fr\/index.php\/wp-json\/wp\/v2\/pages\/146","targetHints":{"allow":["GET"]}}],"collection":[{"href":"https:\/\/loserie.fr\/index.php\/wp-json\/wp\/v2\/pages"}],"about":[{"href":"https:\/\/loserie.fr\/index.php\/wp-json\/wp\/v2\/types\/page"}],"author":[{"embeddable":true,"href":"https:\/\/loserie.fr\/index.php\/wp-json\/wp\/v2\/users\/1"}],"replies":[{"embeddable":true,"href":"https:\/\/loserie.fr\/index.php\/wp-json\/wp\/v2\/comments?post=146"}],"version-history":[{"count":13,"href":"https:\/\/loserie.fr\/index.php\/wp-json\/wp\/v2\/pages\/146\/revisions"}],"predecessor-version":[{"id":385,"href":"https:\/\/loserie.fr\/index.php\/wp-json\/wp\/v2\/pages\/146\/revisions\/385"}],"wp:attachment":[{"href":"https:\/\/loserie.fr\/index.php\/wp-json\/wp\/v2\/media?parent=146"}],"curies":[{"name":"wp","href":"https:\/\/api.w.org\/{rel}","templated":true}]}}